{"id":551,"date":"2020-07-30T07:40:00","date_gmt":"2020-07-30T07:40:00","guid":{"rendered":"https:\/\/tnt.cat\/?page_id=551"},"modified":"2020-09-08T16:17:08","modified_gmt":"2020-09-08T16:17:08","slug":"privacy-policy","status":"publish","type":"page","link":"https:\/\/tnt.cat\/es\/privacy-policy\/","title":{"rendered":"Aviso legal"},"content":{"rendered":"\n<p>TNT cumple con las directrices del Reglamento UE 2016\/679 relativo a la protecci\u00f3n de las personas f\u00edsicas respecto al tratamiento de datos personales y la libre circulaci\u00f3n de estos datos, as\u00ed como la Ley org\u00e0nica 3\/2018, de 5 de diciembre de protecci\u00f3n de datos personales y garant\u00eda de los derechos digitales, que establece las obligaciones y condiciones para el correcto uso y tratamientos de los datos personales del usuario.<\/p>\n\n\n\n<p>Cada formulario de recogida de datos de car\u00e1cter personal, en los servicios que el usuario pueda solicitar a tnt@terrassa.cat, de acuerdo con el art\u00edculo 11 de la Ley org\u00e1nica 3\/2018, de 5 de diciembre de protecci\u00f3n de datos personales y garant\u00eda de los derechos digitales, informar\u00e1 al usuario de la existencia y aceptaci\u00f3n de las condiciones particulares del tratamiento de sus datos en cada caso, incluyendo los datos de identidad y contacto del responsable del tratamiento (Ayuntamiento de Terrassa,&nbsp; C\/ Raval de Montserrat, 14, 08221. Telefono 93.739.70.00,&nbsp; delegatprotecciodades@terrassa.cat), la finalidad concreta del tratamiento de sus datos, la posibilidad del ejercicio de sus derechos de acceso, rectificaci\u00f3n, supresi\u00f3n, portabilidad, limitaci\u00f3n, oposici\u00f3n del tratamiento as\u00ed como la comunicaci\u00f3n de sus datos a terceros, en su caso.<\/p>\n\n\n\n<p>Pueden encontrar m\u00e1s informaci\u00f3n sobre nuestra pol\u00edtica de protecci\u00f3n de datos en el enlace: <a href=\"http:\/\/www.terrassa.cat\/ca\/protecciodades\">http:\/\/www.terrassa.cat\/ca\/protecciodades<\/a><\/p>\n\n\n\n<p>Asimismo, TNT informa que da cumplimiento a la Ley 34\/2002 de 11 de julio, de Servicios de la Sociedad de la Informaci\u00f3n y el Comercio Electr\u00f3nico y del art\u00edculo 6 de la Ley org\u00e1nica 3\/2018, de 5 de diciembre de protecci\u00f3n de datos personales y garant\u00eda de los derechos digitales, le solicitar\u00e1 su consentimiento al tratamiento de su correo electr\u00f3nico con fines comerciales en cada momento.<\/p>\n","protected":false},"excerpt":{"rendered":"<p>TNT cumple con las directrices del Reglamento UE 2016\/679 relativo a la protecci\u00f3n de las personas f\u00edsicas respecto al tratamiento de datos personales y la libre circulaci\u00f3n de estos datos, as\u00ed como la Ley org\u00e0nica 3\/2018, de 5 de diciembre de protecci\u00f3n de datos personales y garant\u00eda de los derechos digitales, que establece las obligaciones [&hellip;]<\/p>\n","protected":false},"author":6,"featured_media":0,"parent":0,"menu_order":0,"comment_status":"closed","ping_status":"open","template":"page-legal.php","meta":{"_acf_changed":false,"footnotes":""},"acf":[],"_links":{"self":[{"href":"https:\/\/tnt.cat\/es\/wp-json\/wp\/v2\/pages\/551"}],"collection":[{"href":"https:\/\/tnt.cat\/es\/wp-json\/wp\/v2\/pages"}],"about":[{"href":"https:\/\/tnt.cat\/es\/wp-json\/wp\/v2\/types\/page"}],"author":[{"embeddable":true,"href":"https:\/\/tnt.cat\/es\/wp-json\/wp\/v2\/users\/6"}],"replies":[{"embeddable":true,"href":"https:\/\/tnt.cat\/es\/wp-json\/wp\/v2\/comments?post=551"}],"version-history":[{"count":0,"href":"https:\/\/tnt.cat\/es\/wp-json\/wp\/v2\/pages\/551\/revisions"}],"wp:attachment":[{"href":"https:\/\/tnt.cat\/es\/wp-json\/wp\/v2\/media?parent=551"}],"curies":[{"name":"wp","href":"https:\/\/api.w.org\/{rel}","templated":true}]}}